{"id":268,"date":"2022-10-26T01:09:55","date_gmt":"2022-10-26T01:09:55","guid":{"rendered":"https:\/\/mircomm-universal.de\/?page_id=268"},"modified":"2022-10-26T01:19:29","modified_gmt":"2022-10-26T01:19:29","slug":"impressum-2","status":"publish","type":"page","link":"https:\/\/mircomm-universal.de\/de\/impressum-2\/","title":{"rendered":"Impressum"},"content":{"rendered":"<p>Impressum\u200b<br>MirComm<br>Mirjam Zwingli<br>Friedhofweg 7<br>83209 Prien<br>Deutschland<br>E-Mail: mirjam@mircomm-universal.de<br>Telefon: +49 163 3970657<\/p>\n\n\n\n<p>Umsatzsteuer-ID:<\/p>\n\n\n\n<p>Umsatzsteuer-Identifikationsnummer gem\u00e4\u00df \u00a7 27 a Umsatzsteuergesetz: DE304544276<\/p>\n\n\n\n<p>Redaktionell Verantwortlicher<\/p>\n\n\n\n<p>Mirjam Zwingli<br>Friedhofweg 7<br>83209 Prien<\/p>\n\n\n\n<p>Verbraucherstreitbeilegung\/Universalschlichtungsstelle<\/p>\n\n\n\n<p>Wir sind nicht bereit oder verpflichtet, an Streitbeilegungsverfahren vor einer Verbraucherschlichtungsstelle teilzunehmen.<\/p>\n\n\n\n<p>Haftung f\u00fcr Inhalte<\/p>\n\n\n\n<p>Als Diensteanbieter sind wir gem\u00e4\u00df \u00a7 7 Abs.1 TMG f\u00fcr eigene Inhalte<br>auf diesen Seiten nach den allgemeinen Gesetzen verantwortlich. Nach \u00a7\u00a7 8<br>bis 10 TMG sind wir als Diensteanbieter jedoch nicht verpflichtet,<br>\u00fcbermittelte oder gespeicherte fremde Informationen zu \u00fcberwachen oder<br>nach Umst\u00e4nden zu forschen, die auf eine rechtswidrige T\u00e4tigkeit<br>hinweisen.<\/p>\n\n\n\n<p>Verpflichtungen zur Entfernung oder Sperrung der Nutzung von<br>Informationen nach den allgemeinen Gesetzen bleiben hiervon unber\u00fchrt.<br>Eine diesbez\u00fcgliche Haftung ist jedoch erst ab dem Zeitpunkt der<br>Kenntnis einer konkreten Rechtsverletzung m\u00f6glich. Bei Bekanntwerden von<br>entsprechenden Rechtsverletzungen werden wir diese Inhalte umgehend<br>entfernen.<\/p>\n\n\n\n<p>Haftung f\u00fcr Links<\/p>\n\n\n\n<p>Unser Angebot enth\u00e4lt Links zu externen Websites Dritter, auf deren<br>Inhalte wir keinen Einfluss haben. Deshalb k\u00f6nnen wir f\u00fcr diese fremden<br>Inhalte auch keine Gew\u00e4hr \u00fcbernehmen. F\u00fcr die Inhalte der verlinkten<br>Seiten ist stets der jeweilige Anbieter oder Betreiber der Seiten<br>verantwortlich. Die verlinkten Seiten wurden zum Zeitpunkt der<br>Verlinkung auf m\u00f6gliche Rechtsverst\u00f6\u00dfe \u00fcberpr\u00fcft. Rechtswidrige Inhalte<br>waren zum Zeitpunkt der Verlinkung nicht erkennbar.<\/p>\n\n\n\n<p>Eine permanente inhaltliche Kontrolle der verlinkten Seiten ist<br>jedoch ohne konkrete Anhaltspunkte einer Rechtsverletzung nicht<br>zumutbar. Bei Bekanntwerden von Rechtsverletzungen werden wir derartige<br>Links umgehend entfernen.<\/p>\n\n\n\n<p>Urheberrecht<\/p>\n\n\n\n<p>Die durch die Seitenbetreiber erstellten Inhalte und Werke auf diesen<br>Seiten unterliegen dem deutschen Urheberrecht. Die Vervielf\u00e4ltigung,<br>Bearbeitung, Verbreitung und jede Art der Verwertung au\u00dferhalb der<br>Grenzen des Urheberrechtes bed\u00fcrfen der schriftlichen Zustimmung des<br>jeweiligen Autors bzw. Erstellers. Downloads und Kopien dieser Seite<br>sind nur f\u00fcr den privaten, nicht kommerziellen Gebrauch<br>gestattet. Soweit die Inhalte auf dieser Seite nicht vom Betreiber<br>erstellt wurden, werden die Urheberrechte Dritter beachtet. Insbesondere<br>werden Inhalte Dritter als solche gekennzeichnet. Sollten Sie trotzdem<br>auf eine Urheberrechtsverletzung aufmerksam werden, bitten wir um einen<br>entsprechenden Hinweis. Bei Bekanntwerden von Rechtsverletzungen werden<br>wir derartige Inhalte umgehend entfernen.<\/p>\n\n\n\n<p>Kontakt:<\/p>\n\n\n\n<p>MirComm, Mirjam Zwingli, Friedhofweg 7, 83209 Prien, Deutschland, E-Mail: mirjam@mircomm-universal.de, Telefon: +49 163 3970657<\/p>","protected":false},"excerpt":{"rendered":"<p>Impressum\u200bMirCommMirjam ZwingliFriedhofweg 783209 PrienDeutschlandE-Mail: mirjam@mircomm-universal.deTelefon: +49 163 3970657 Umsatzsteuer-ID: Umsatzsteuer-Identifikationsnummer gem\u00e4\u00df \u00a7 27 a Umsatzsteuergesetz: DE304544276 Redaktionell Verantwortlicher Mirjam ZwingliFriedhofweg 783209 Prien Verbraucherstreitbeilegung\/Universalschlichtungsstelle Wir sind nicht bereit oder verpflichtet, an Streitbeilegungsverfahren vor einer Verbraucherschlichtungsstelle teilzunehmen. Haftung f\u00fcr Inhalte Als Diensteanbieter sind wir gem\u00e4\u00df \u00a7 7 Abs.1 TMG f\u00fcr eigene Inhalteauf diesen Seiten nach den allgemeinen [&hellip;]<\/p>","protected":false},"author":1,"featured_media":0,"parent":0,"menu_order":0,"comment_status":"closed","ping_status":"closed","template":"","meta":{"footnotes":""},"class_list":["post-268","page","type-page","status-publish","hentry","entry"],"yoast_head":"<!-- This site is optimized with the Yoast SEO plugin v19.9 - https:\/\/yoast.com\/wordpress\/plugins\/seo\/ -->\n<title>Impressum - Mircomm Universal<\/title>\n<meta name=\"robots\" content=\"index, follow, max-snippet:-1, max-image-preview:large, max-video-preview:-1\" \/>\n<link rel=\"canonical\" href=\"https:\/\/mircomm-universal.de\/de\/impressum-2\/\" \/>\n<meta property=\"og:locale\" content=\"de_DE\" \/>\n<meta property=\"og:type\" content=\"article\" \/>\n<meta property=\"og:title\" content=\"Impressum - Mircomm Universal\" \/>\n<meta property=\"og:description\" content=\"Impressum\u200bMirCommMirjam ZwingliFriedhofweg 783209 PrienDeutschlandE-Mail: mirjam@mircomm-universal.deTelefon: +49 163 3970657 Umsatzsteuer-ID: Umsatzsteuer-Identifikationsnummer gem\u00e4\u00df \u00a7 27 a Umsatzsteuergesetz: DE304544276 Redaktionell Verantwortlicher Mirjam ZwingliFriedhofweg 783209 Prien Verbraucherstreitbeilegung\/Universalschlichtungsstelle Wir sind nicht bereit oder verpflichtet, an Streitbeilegungsverfahren vor einer Verbraucherschlichtungsstelle teilzunehmen. Haftung f\u00fcr Inhalte Als Diensteanbieter sind wir gem\u00e4\u00df \u00a7 7 Abs.1 TMG f\u00fcr eigene Inhalteauf diesen Seiten nach den allgemeinen [&hellip;]\" \/>\n<meta property=\"og:url\" content=\"https:\/\/mircomm-universal.de\/de\/impressum-2\/\" \/>\n<meta property=\"og:site_name\" content=\"Mircomm Universal\" \/>\n<meta property=\"article:modified_time\" content=\"2022-10-26T01:19:29+00:00\" \/>\n<meta name=\"twitter:card\" content=\"summary_large_image\" \/>\n<meta name=\"twitter:label1\" content=\"Gesch\u00e4tzte Lesezeit\" \/>\n\t<meta name=\"twitter:data1\" content=\"2\u00a0Minuten\" \/>\n<script type=\"application\/ld+json\" class=\"yoast-schema-graph\">{\"@context\":\"https:\/\/schema.org\",\"@graph\":[{\"@type\":\"WebPage\",\"@id\":\"https:\/\/mircomm-universal.de\/impressum-2\/\",\"url\":\"https:\/\/mircomm-universal.de\/impressum-2\/\",\"name\":\"Impressum - Mircomm Universal\",\"isPartOf\":{\"@id\":\"https:\/\/mircomm-universal.de\/#website\"},\"datePublished\":\"2022-10-26T01:09:55+00:00\",\"dateModified\":\"2022-10-26T01:19:29+00:00\",\"breadcrumb\":{\"@id\":\"https:\/\/mircomm-universal.de\/impressum-2\/#breadcrumb\"},\"inLanguage\":\"de\",\"potentialAction\":[{\"@type\":\"ReadAction\",\"target\":[\"https:\/\/mircomm-universal.de\/impressum-2\/\"]}]},{\"@type\":\"BreadcrumbList\",\"@id\":\"https:\/\/mircomm-universal.de\/impressum-2\/#breadcrumb\",\"itemListElement\":[{\"@type\":\"ListItem\",\"position\":1,\"name\":\"Startseite\",\"item\":\"https:\/\/mircomm-universal.de\/\"},{\"@type\":\"ListItem\",\"position\":2,\"name\":\"Impressum\"}]},{\"@type\":\"WebSite\",\"@id\":\"https:\/\/mircomm-universal.de\/#website\",\"url\":\"https:\/\/mircomm-universal.de\/\",\"name\":\"Mircomm Universal\",\"description\":\"Trust Through Transparency\",\"publisher\":{\"@id\":\"https:\/\/mircomm-universal.de\/#organization\"},\"potentialAction\":[{\"@type\":\"SearchAction\",\"target\":{\"@type\":\"EntryPoint\",\"urlTemplate\":\"https:\/\/mircomm-universal.de\/?s={search_term_string}\"},\"query-input\":\"required name=search_term_string\"}],\"inLanguage\":\"de\"},{\"@type\":\"Organization\",\"@id\":\"https:\/\/mircomm-universal.de\/#organization\",\"name\":\"Mircomm Universal\",\"url\":\"https:\/\/mircomm-universal.de\/\",\"logo\":{\"@type\":\"ImageObject\",\"inLanguage\":\"de\",\"@id\":\"https:\/\/mircomm-universal.de\/#\/schema\/logo\/image\/\",\"url\":\"https:\/\/mircomm-universal.de\/wp-content\/uploads\/2022\/02\/cropped-MirComm-Logo-Bold-trans-low.png\",\"contentUrl\":\"https:\/\/mircomm-universal.de\/wp-content\/uploads\/2022\/02\/cropped-MirComm-Logo-Bold-trans-low.png\",\"width\":800,\"height\":219,\"caption\":\"Mircomm Universal\"},\"image\":{\"@id\":\"https:\/\/mircomm-universal.de\/#\/schema\/logo\/image\/\"}}]}<\/script>\n<!-- \/ Yoast SEO plugin. -->","yoast_head_json":{"title":"Impressum - Mircomm Universal","robots":{"index":"index","follow":"follow","max-snippet":"max-snippet:-1","max-image-preview":"max-image-preview:large","max-video-preview":"max-video-preview:-1"},"canonical":"https:\/\/mircomm-universal.de\/de\/impressum-2\/","og_locale":"de_DE","og_type":"article","og_title":"Impressum - Mircomm Universal","og_description":"Impressum\u200bMirCommMirjam ZwingliFriedhofweg 783209 PrienDeutschlandE-Mail: mirjam@mircomm-universal.deTelefon: +49 163 3970657 Umsatzsteuer-ID: Umsatzsteuer-Identifikationsnummer gem\u00e4\u00df \u00a7 27 a Umsatzsteuergesetz: DE304544276 Redaktionell Verantwortlicher Mirjam ZwingliFriedhofweg 783209 Prien Verbraucherstreitbeilegung\/Universalschlichtungsstelle Wir sind nicht bereit oder verpflichtet, an Streitbeilegungsverfahren vor einer Verbraucherschlichtungsstelle teilzunehmen. Haftung f\u00fcr Inhalte Als Diensteanbieter sind wir gem\u00e4\u00df \u00a7 7 Abs.1 TMG f\u00fcr eigene Inhalteauf diesen Seiten nach den allgemeinen [&hellip;]","og_url":"https:\/\/mircomm-universal.de\/de\/impressum-2\/","og_site_name":"Mircomm Universal","article_modified_time":"2022-10-26T01:19:29+00:00","twitter_card":"summary_large_image","twitter_misc":{"Gesch\u00e4tzte Lesezeit":"2\u00a0Minuten"},"schema":{"@context":"https:\/\/schema.org","@graph":[{"@type":"WebPage","@id":"https:\/\/mircomm-universal.de\/impressum-2\/","url":"https:\/\/mircomm-universal.de\/impressum-2\/","name":"Impressum - Mircomm Universal","isPartOf":{"@id":"https:\/\/mircomm-universal.de\/#website"},"datePublished":"2022-10-26T01:09:55+00:00","dateModified":"2022-10-26T01:19:29+00:00","breadcrumb":{"@id":"https:\/\/mircomm-universal.de\/impressum-2\/#breadcrumb"},"inLanguage":"de","potentialAction":[{"@type":"ReadAction","target":["https:\/\/mircomm-universal.de\/impressum-2\/"]}]},{"@type":"BreadcrumbList","@id":"https:\/\/mircomm-universal.de\/impressum-2\/#breadcrumb","itemListElement":[{"@type":"ListItem","position":1,"name":"Startseite","item":"https:\/\/mircomm-universal.de\/"},{"@type":"ListItem","position":2,"name":"Impressum"}]},{"@type":"WebSite","@id":"https:\/\/mircomm-universal.de\/#website","url":"https:\/\/mircomm-universal.de\/","name":"Mircomm Universal","description":"Trust Through Transparency","publisher":{"@id":"https:\/\/mircomm-universal.de\/#organization"},"potentialAction":[{"@type":"SearchAction","target":{"@type":"EntryPoint","urlTemplate":"https:\/\/mircomm-universal.de\/?s={search_term_string}"},"query-input":"required name=search_term_string"}],"inLanguage":"de"},{"@type":"Organization","@id":"https:\/\/mircomm-universal.de\/#organization","name":"Mircomm Universal","url":"https:\/\/mircomm-universal.de\/","logo":{"@type":"ImageObject","inLanguage":"de","@id":"https:\/\/mircomm-universal.de\/#\/schema\/logo\/image\/","url":"https:\/\/mircomm-universal.de\/wp-content\/uploads\/2022\/02\/cropped-MirComm-Logo-Bold-trans-low.png","contentUrl":"https:\/\/mircomm-universal.de\/wp-content\/uploads\/2022\/02\/cropped-MirComm-Logo-Bold-trans-low.png","width":800,"height":219,"caption":"Mircomm Universal"},"image":{"@id":"https:\/\/mircomm-universal.de\/#\/schema\/logo\/image\/"}}]}},"_links":{"self":[{"href":"https:\/\/mircomm-universal.de\/de\/wp-json\/wp\/v2\/pages\/268","targetHints":{"allow":["GET"]}}],"collection":[{"href":"https:\/\/mircomm-universal.de\/de\/wp-json\/wp\/v2\/pages"}],"about":[{"href":"https:\/\/mircomm-universal.de\/de\/wp-json\/wp\/v2\/types\/page"}],"author":[{"embeddable":true,"href":"https:\/\/mircomm-universal.de\/de\/wp-json\/wp\/v2\/users\/1"}],"replies":[{"embeddable":true,"href":"https:\/\/mircomm-universal.de\/de\/wp-json\/wp\/v2\/comments?post=268"}],"version-history":[{"count":0,"href":"https:\/\/mircomm-universal.de\/de\/wp-json\/wp\/v2\/pages\/268\/revisions"}],"wp:attachment":[{"href":"https:\/\/mircomm-universal.de\/de\/wp-json\/wp\/v2\/media?parent=268"}],"curies":[{"name":"wp","href":"https:\/\/api.w.org\/{rel}","templated":true}]}}